{"id":87,"date":"2012-06-25T21:16:58","date_gmt":"2012-06-25T19:16:58","guid":{"rendered":"http:\/\/vike.nu\/ny\/?page_id=87"},"modified":"2026-05-06T20:03:07","modified_gmt":"2026-05-06T18:03:07","slug":"hem","status":"publish","type":"page","link":"https:\/\/vike.nu\/","title":{"rendered":"HEM"},"content":{"rendered":"\n<div class=\"wp-block-group is-vertical is-layout-flex wp-container-core-group-is-layout-8cf370e7 wp-block-group-is-layout-flex\">\n<p><\/p>\n\n\n\n<h1 style=\"text-align: left;\"><span style=\"font-size: 24pt;\">Vike minnesg\u00e5rd i Boge<\/span><\/h1>\n<p><strong><span style=\"font-size: 18pt;\">V\u00c4LKOMMEN till en v\u00e4l bevarade strandg\u00e5rd som st\u00e5r kvar sen 1800-talet. <\/span><\/strong><\/p>\n<p><strong>Det \u00e4r alltid \u00f6ppet f\u00f6r bes\u00f6k vid Vike Minnesg\u00e5rd. G\u00e5 in och upplev den \u00e5lderdomliga milj\u00f6n, tr\u00e4dg\u00e5rden och vandringen genom \u00e4nget ner till stranden.\u00a0<\/strong><\/p>\n<p><span style=\"font-size: 14pt;\"><strong>VIKTIGt DATUM + &#8221;TISDAGSTR\u00c4FFAR&#8221;<\/strong><\/span><\/p>\n<p><span style=\"font-size: 12pt;\"><strong>St\u00e4ddag s\u00f6ndagen 7 juni kl 13 &#8211; 16. Ulrika Pettersson leder st\u00e4dningen i mang\u00e5rd och brygghus.<\/strong><strong> Kurre Werkelin leder st\u00e4dningen av ladug\u00e5rd och f\u00e4hus<\/strong>. Fika vid cirka halv tre.<\/span><\/p>\n<p><span style=\"font-size: 12pt;\"><strong>Tisdagstr\u00e4ffarna \u00e4r ig\u00e5ng! Vi tr\u00e4ffas klockan ett.<\/strong><\/span> Fikar cirka halv tre. Alla \u00e4r v\u00e4lkomna! Det finns alltid saker som beh\u00f6ver g\u00f6ras i stort som i sm\u00e5tt.<br \/>S\u00e4rskilt beh\u00f6vs snickarkunniga till ombyggnad i k\u00f6ksdelen av brygghuset + diverse i mang\u00e5rden. Varmt v\u00e4lkomna &#8211; Det \u00e4r roligt n\u00e4r man jobbar tillsammans!<\/p>\n<p><strong>Vi \u00f6ppnar igen 20 juni med midsommargudstj\u00e4nst och fr\u00e5n och med d\u00e5 \u00e4r det \u00f6ppet torsd &#8211; s\u00f6nd kl 13 &#8211; 17 f\u00f6r fika och visningar &#8211; men, det g\u00e5r bra f\u00f6r grupper att boka visning \u00e4ven andra tider under \u00e5ret.<\/strong><\/p>\n<p>Vike Minnesg\u00e5rd, denna nordgutniska strandg\u00e5rd, ligger som en p\u00e4rla p\u00e5 Gotlands ostkust med en kultur- milj\u00f6- och personhistoria bevarad sedan tidigt 1800-tal. Bebyggelsens utformning g\u00e5r tillbaka p\u00e5 1700-talets byggnadstraditioner.<\/p>\n<h4 style=\"text-align: left;\">H\u00e4r finns m\u00f6jlighet att njuta av en sk\u00f6n milj\u00f6, fika med hembakat och att l\u00e4ra sig om gamla s\u00e4tt att leva. Ta del av intressanta livs\u00f6den, samtidigt som barnen kan ha roligt med diverse p\u00e5 storg\u00e5rden och i strandhagen.<\/h4>\n<h4 style=\"text-align: left;\">De gamla byggnaderna med en agtakst\u00e4ckt bulhusladug\u00e5rd formar en vacker storg\u00e5rdsmilj\u00f6, tr\u00e4dg\u00e5rden med fler\u00e5rhundra\u00e5rig humle ger dofter, f\u00e4rger och historia. .<\/h4>\n<p><a href=\"https:\/\/eufonder.se\/eu-fonder\/jordbruksfonden-for-landsbygdsutveckling.html\" target=\"_blank\" rel=\"noopener\"><span style=\"font-size: 8pt;\"><img loading=\"lazy\" decoding=\"async\" class=\"alignright\" src=\"https:\/\/jordbruksverket.se\/images\/18.30e366ed16cf56c31949925c\/1567605835613\/EU-logo-jordbruksfonden-farg.jpg\" width=\"132\" height=\"126\" \/><\/span><\/a>Strandboden liksom utst\u00e4llningen d\u00e4r av foton \u00f6ver strandliv ligger vackert nere vid sj\u00f6n. Stigen genom H\u00f6g\u00e5rd och strandskog leder dig dit. G\u00e5r du vidare l\u00e4ngs stranden och gamla v\u00e4gen \u00e4r du tillbaka igen: 1,3 km sk\u00f6n promenad.<br \/>V\u00e4nliga lamm betar i strandskog och \u00e4nge.<\/p>\n<p><strong>Vike Minnesg\u00e5rd \u00e4r alltid en upplevelse av en milj\u00f6 &#8211; som en tidsballong som stannat i en 1800-talsbubbla &#8211; d\u00e5 f\u00f6rst\u00e5s med h\u00e5rt arbete f\u00f6r dem som levde h\u00e4r under sj\u00e4lvhush\u00e5llets tid &#8211; och samtidigt s\u00e5 vacker och l\u00e4rorik i sin sk\u00f6nhet.<\/strong><\/p>\n<p>G\u00e5rden \u00e4gs och f\u00f6rvaltas av en stiftelse som har fasta utgifter och d\u00e4r allt arbete sker ideellt &#8211; sk\u00e4nk g\u00e4rna ett bidrag f\u00f6r g\u00e5rdens bevarande. <br \/>Swishnummer f\u00f6r g\u00e5va till Vike Minnesg\u00e5rd: 123 505 54 13<br \/>Det g\u00e5r ocks\u00e5 utm\u00e4rkt att vara med i Vike Minnesg\u00e5rds V\u00e4nf\u00f6rening. Se den sidan.<\/p>\n<h4 style=\"text-align: center;\"><strong>Visning av<\/strong><strong>\u00a0g\u00e5rden kan ordnas \u00e5ret runt liksom gruppbes\u00f6k <br \/>efter \u00f6verenskommelse med Ann Catrin Redin: <br \/>anncatrin.redin@icloud.com eller 070 839 31 55<\/strong><\/h4>\n<h4 style=\"text-align: center;\">\u00a0<\/h4>\n<h4 style=\"text-align: center;\"><strong>I Gutabygd 2024 finns en artikel om Vike minnesg\u00e5rd,\u00a0<\/strong><strong><a href=\"https:\/\/vike.nu\/wp-content\/uploads\/2024\/10\/Vike_2024-1.pdf\" target=\"_blank\" rel=\"noopener\">l\u00e4s den h\u00e4r<\/a>.<br \/><\/strong><\/h4>\n<h4 style=\"text-align: center;\">\u00a0<\/h4>\n<h4 style=\"text-align: center;\"><strong>\u00c4ven 2021 \u00e5rs utg\u00e5va av <em>Fr\u00e5n Gutabygd<\/em> har en artikel om Vike minnesg\u00e5rd.<br \/><a href=\"https:\/\/vike.nu\/wp-content\/uploads\/2021\/06\/Gutabygd_2021_vike_2.pdf\" target=\"_blank\" rel=\"noopener\">L\u00e4s artikeln h\u00e4r.<\/a><\/strong><\/h4>\n<\/div>\n\n\n\n\n\n\n\n\n","protected":false},"excerpt":{"rendered":"<p>Vike minnesg\u00e5rd i Boge V\u00c4LKOMMEN till en v\u00e4l bevarade strandg\u00e5rd som st\u00e5r kvar sen 1800-talet. Det \u00e4r alltid \u00f6ppet f\u00f6r bes\u00f6k vid Vike Minnesg\u00e5rd. G\u00e5 in och upplev den \u00e5lderdomliga milj\u00f6n, tr\u00e4dg\u00e5rden och vandringen genom \u00e4nget ner till stranden.\u00a0 VIKTIGt &hellip; <a href=\"https:\/\/vike.nu\/\">Forts\u00e4tt l\u00e4sa <span class=\"meta-nav\">&rarr;<\/span><\/a><\/p>\n","protected":false},"author":3,"featured_media":0,"parent":0,"menu_order":-1,"comment_status":"closed","ping_status":"open","template":"","meta":{"footnotes":""},"class_list":["post-87","page","type-page","status-publish","hentry"],"_links":{"self":[{"href":"https:\/\/vike.nu\/index.php\/wp-json\/wp\/v2\/pages\/87","targetHints":{"allow":["GET"]}}],"collection":[{"href":"https:\/\/vike.nu\/index.php\/wp-json\/wp\/v2\/pages"}],"about":[{"href":"https:\/\/vike.nu\/index.php\/wp-json\/wp\/v2\/types\/page"}],"author":[{"embeddable":true,"href":"https:\/\/vike.nu\/index.php\/wp-json\/wp\/v2\/users\/3"}],"replies":[{"embeddable":true,"href":"https:\/\/vike.nu\/index.php\/wp-json\/wp\/v2\/comments?post=87"}],"version-history":[{"count":182,"href":"https:\/\/vike.nu\/index.php\/wp-json\/wp\/v2\/pages\/87\/revisions"}],"predecessor-version":[{"id":1048,"href":"https:\/\/vike.nu\/index.php\/wp-json\/wp\/v2\/pages\/87\/revisions\/1048"}],"wp:attachment":[{"href":"https:\/\/vike.nu\/index.php\/wp-json\/wp\/v2\/media?parent=87"}],"curies":[{"name":"wp","href":"https:\/\/api.w.org\/{rel}","templated":true}]}}