{"id":721,"date":"2024-05-24T08:20:24","date_gmt":"2024-05-24T06:20:24","guid":{"rendered":"https:\/\/vike.nu\/?page_id=721"},"modified":"2026-01-14T02:05:39","modified_gmt":"2026-01-14T00:05:39","slug":"sommarprogram-2024","status":"publish","type":"page","link":"https:\/\/vike.nu\/index.php\/sommarprogram-2024\/","title":{"rendered":"Sommarprogram 2025"},"content":{"rendered":"\n<h1 style=\"text-align: center\"><span style=\"font-size: 18pt\"><strong>V<\/strong><strong>ike Minnesg\u00e5rd \u2013 <\/strong><strong>sommarprogram 2025<br \/><\/strong><strong><span style=\"font-size: 18pt\">\u00f6ppet torsd &#8211;<\/span> s\u00f6nd 13 \u2013 17, fika, visning kl 14.<\/strong><\/span><\/h1>\n<p><strong>L\u00f6rdag 21 juni kl 14:00<br \/><\/strong><strong>Midsommargudstj\u00e4nst. <\/strong>\u2013 Friluftsgudstj\u00e4nsten sker som vanligt p\u00e5 Lillg\u00e5rden och efter\u00e5t bjuds p\u00e5 kaffe med hembakat.<\/p>\n<p><strong>S<\/strong><strong>\u00f6ndag 22 juni kl 13:00-17:00<br \/>F\u00f6rsta \u201d\u00d6ppetdagen\u201d med visning kl 14:00. <br \/><\/strong>Fikaf\u00f6rs\u00e4ljning p\u00e5 Lillg\u00e5rden, hembakat med gotlandstradition.<\/p>\n<p><strong>L\u00f6rdag 28 juni kl 10:00<br \/><\/strong><strong>Vike Minnesg\u00e5rd och natur. <\/strong>Guidning vid g\u00e5rden samt en vandring genom \u00e4nge och l\u00e4ngs stranden. Anm\u00e4lan till Svenska Turistf\u00f6reningen Gotland.<\/p>\n<p><strong>Tisdag 8 juli kl 18:00<br \/><\/strong><strong>\u201dI denna ljuva sommartid\u201d. <\/strong>Musik och alls\u00e5ng med familjen Bergel.<br \/>Rabarbersaft fr\u00e5n Vikes tr\u00e4dg\u00e5rd och kaka i pausen.<\/p>\n<p><strong>S<\/strong><strong>\u00f6ndag 20 juli kl 13:00-16:00<br \/><\/strong><strong>S<\/strong><strong>l\u00e5tter av \u00e4nget<\/strong>. Gotlands \u00c4ngskommitt\u00e9 och Vike Minnesg\u00e5rd ordnar tillsammans; med lieslipning, tr\u00e4ning i att sl\u00e5 med lie i H\u00f6g\u00e5rden, fika, tillvaratagning av h\u00f6, fr\u00e5gerunda, bokbord, Anna Kajsa Hallgard-S\u00e4llskapet<\/p>\n<p><strong>L\u00f6rdag 26 juli kl 12:00<br \/><\/strong><strong>\u00c5rsm\u00f6te med Vike Minnesg\u00e5rds V\u00e4nf\u00f6rening <\/strong>med efterf\u00f6ljande kaffekalas.<\/p>\n<p><strong>Onsdag 6 aug Kl 10:00-14:00<br \/><\/strong><strong>Tillverkning som p\u00e5 sj\u00e4lvhush\u00e5llets tid. <\/strong>Hur togs lin och ull tillvara, hur slogs rep, hur smidde man, hur snidade man, hur bryggdes dricke?<\/p>\n<p><strong>S<\/strong><strong>\u00f6ndag 17 aug o 24 aug. Kl 10.00-16.00<br \/><\/strong><strong>T\u00e4lj dina egna k\u00f6ksredskap \u2013 <\/strong>Tv\u00e5dagarskurs i sl\u00f6jd, anm\u00e4lan till studief\u00f6rbundet Vuxenskolan.  <a href=\"https:\/\/ph7cms.com\/profile\/lilbunny96\" target=\"_blank\">JoJo gifs<\/a><\/p>\n<p><strong>S<\/strong><strong>\u00f6ndag 24 augusti Kl 13:00-17:00<br \/><\/strong><strong>S<\/strong><strong>ista \u00f6ppetdagen <\/strong>vid Vike Minnesg\u00e5rd med fika och visning. Men som vanligt \u00e4r man v\u00e4lkommen att bes\u00f6ka g\u00e5rden \u00e4ven tider ut\u00f6ver \u00f6ppetdagar.<\/p>\n<p><strong>L\u00f6r<\/strong><strong>dag \u2013 S\u00f6ndag 13-14 september Kl 13 &#8211; 16, m Visning kl 14.<br \/><\/strong><strong>K<\/strong><strong>u<\/strong><strong>lturarvsdagar <\/strong>p\u00e5 Gotland (och hela Sverige) med fokus p\u00e5 byggnader. Vike Minnesg\u00e5rd kommer att ha \u00f6ppet f\u00f6r visningar och fika. \u00c5rets tema \u00e4r Byggnader och bulhusladug\u00e5rden, den l\u00e4ngsta p\u00e5 Gotland med agtak, \u00e4r v\u00e4l v\u00e4rd ett bes\u00f6k.<\/p>\n","protected":false},"excerpt":{"rendered":"<p>Vike Minnesg\u00e5rd \u2013 sommarprogram 2025\u00f6ppet torsd &#8211; s\u00f6nd 13 \u2013 17, fika, visning kl 14. L\u00f6rdag 21 juni kl 14:00Midsommargudstj\u00e4nst. \u2013 Friluftsgudstj\u00e4nsten sker som vanligt p\u00e5 Lillg\u00e5rden och efter\u00e5t bjuds p\u00e5 kaffe med hembakat. S\u00f6ndag 22 juni kl 13:00-17:00F\u00f6rsta \u201d\u00d6ppetdagen\u201d &hellip; <a href=\"https:\/\/vike.nu\/index.php\/sommarprogram-2024\/\">Forts\u00e4tt l\u00e4sa <span class=\"meta-nav\">&rarr;<\/span><\/a><\/p>\n","protected":false},"author":2,"featured_media":945,"parent":0,"menu_order":0,"comment_status":"closed","ping_status":"closed","template":"","meta":{"footnotes":""},"class_list":["post-721","page","type-page","status-publish","has-post-thumbnail","hentry"],"_links":{"self":[{"href":"https:\/\/vike.nu\/index.php\/wp-json\/wp\/v2\/pages\/721","targetHints":{"allow":["GET"]}}],"collection":[{"href":"https:\/\/vike.nu\/index.php\/wp-json\/wp\/v2\/pages"}],"about":[{"href":"https:\/\/vike.nu\/index.php\/wp-json\/wp\/v2\/types\/page"}],"author":[{"embeddable":true,"href":"https:\/\/vike.nu\/index.php\/wp-json\/wp\/v2\/users\/2"}],"replies":[{"embeddable":true,"href":"https:\/\/vike.nu\/index.php\/wp-json\/wp\/v2\/comments?post=721"}],"version-history":[{"count":0,"href":"https:\/\/vike.nu\/index.php\/wp-json\/wp\/v2\/pages\/721\/revisions"}],"wp:featuredmedia":[{"embeddable":true,"href":"https:\/\/vike.nu\/index.php\/wp-json\/wp\/v2\/media\/945"}],"wp:attachment":[{"href":"https:\/\/vike.nu\/index.php\/wp-json\/wp\/v2\/media?parent=721"}],"curies":[{"name":"wp","href":"https:\/\/api.w.org\/{rel}","templated":true}]}}