{"id":591,"date":"2023-07-20T10:27:48","date_gmt":"2023-07-20T08:27:48","guid":{"rendered":"https:\/\/vike.nu\/?page_id=591"},"modified":"2025-06-21T00:42:01","modified_gmt":"2025-06-20T22:42:01","slug":"tradgard-och-ange-2","status":"publish","type":"page","link":"https:\/\/vike.nu\/index.php\/tradgard-och-ange-2\/","title":{"rendered":"Tr\u00e4dg\u00e5rd och \u00e4nge"},"content":{"rendered":"\n<figure class=\"wp-block-image size-large\"><a href=\"https:\/\/vike.nu\/wp-content\/uploads\/2024\/09\/2-IMG_8221-2-scaled.jpg\"><img loading=\"lazy\" decoding=\"async\" width=\"768\" height=\"1024\" src=\"https:\/\/vike.nu\/wp-content\/uploads\/2024\/09\/2-IMG_8221-2-768x1024.jpg\" alt=\"\" class=\"wp-image-851\" srcset=\"https:\/\/vike.nu\/wp-content\/uploads\/2024\/09\/2-IMG_8221-2-768x1024.jpg 768w, https:\/\/vike.nu\/wp-content\/uploads\/2024\/09\/2-IMG_8221-2-225x300.jpg 225w, https:\/\/vike.nu\/wp-content\/uploads\/2024\/09\/2-IMG_8221-2-1152x1536.jpg 1152w, https:\/\/vike.nu\/wp-content\/uploads\/2024\/09\/2-IMG_8221-2-1536x2048.jpg 1536w, https:\/\/vike.nu\/wp-content\/uploads\/2024\/09\/2-IMG_8221-2-scaled.jpg 1920w\" sizes=\"auto, (max-width: 768px) 100vw, 768px\" \/><\/a><\/figure>\n\n\n\n<h4><strong>Tr\u00e4dg\u00e5rd med humlest\u00f6rar<\/strong><\/h4>\n<p>I slutet av 1820-talet \u00e4gde skiftet rum d\u00e5 det beslutades att en av Vike-parterna skulle flytta \u00f6ster om den gamla landsv\u00e4gen = det som nu \u00e4r Vike Minnesg\u00e5rd. Mang\u00e5rden stod nybyggd f\u00f6r inflyttning 1833. Ladug\u00e5rden med bular \u00e4r f\u00f6rmodligen till stora delar hitflyttad fr\u00e5n andra sidan den gamla v\u00e4gen liksom v\u00e4xter i k\u00f6kstr\u00e4dg\u00e5rden. Humlest\u00f6rarna h\u00e4r \u00e4r m\u00e5nghundra\u00e5riga och den ing\u00e5r i Alnarps samlingar som exempel p\u00e5 gotl\u00e4ndsk humle.\u00a0 <br \/>Under l\u00e5ng tid fungerade tr\u00e4dg\u00e5rden som en del i sj\u00e4lvhush\u00e5llet med k\u00e5l, l\u00f6k, b\u00f6nor, rotfrukter och \u00f6rter f\u00f6r medicinalt bruk och kryddning.<\/p>\n<p>Runt 1950 dog de tre syskonen som var de sista som brukade och levde p\u00e5 g\u00e5rden. Romells k\u00f6pte den och bildade stiftelsen. De jobbade intensivt med att restaurera byggnaderna, men hann f\u00f6rmodligen inte med tr\u00e4dg\u00e5rden.<br \/>1985 kom Ingeborg Vatheur till g\u00e5rden och gjorde genomgripande f\u00f6r\u00e4ndring av tr\u00e4dg\u00e5rden. En viktig inspirationsk\u00e4lla f\u00f6r henne var Hildegard van Bingen och en \u00f6rtag\u00e5rd skapades. I rutor v\u00e4xte sedan \u00f6rter f\u00f6r teer och h\u00e4lsokurer, och hon gjorde en noggrann karta.<br \/>S\u00e5 gick \u00e5ren och tr\u00e4dg\u00e5rden blev i perioder mer eller mindre v\u00e4lsk\u00f6tt. En tr\u00e4dg\u00e5rd kr\u00e4ver kontinuerlig omsk\u00f6tsel och i Vikes tr\u00e4dg\u00e5rd har tid, lust och kraft g\u00e5tt i v\u00e5gor sedan syskonen d\u00f6d och den d\u00e5 slutade vara en viktig del av sj\u00e4lvhush\u00e5llet..<\/p>\n<p>Nu \u00e4r det 2025. I Humleg\u00e5rden v\u00e4xer fortfarande ramsl\u00f6ken tidig v\u00e5r som markt\u00e4ckare, men n\u00e4r den vissnat och humlen b\u00f6rjade ta fart kommer samtidigt kirsk\u00e5len. Liksom ramsl\u00f6ken har den odlats sedan \u00e5rtusenden tillbaka. Nu \u00e4r den en markt\u00e4ckande pl\u00e5ga som vi f\u00f6rs\u00f6ker bem\u00e4stra efter f\u00f6rm\u00e5ga. I detta skede finns fortfarande rutor med grusg\u00e5ngar runt planteringsrutor som skapats som en efterf\u00f6ljd till Ingeborg Vatheur p\u00e5 1980-talet. Vi koncentrerar oss p\u00e5 att bevara gamla \u00f6rter som finns kvar samt att plantera in nytt som h\u00f6r ihop med en gammal gotl\u00e4ndsk strandg\u00e5rd men ocks\u00e5 klarar det nuvarande klimatets torka. Vi har \u00e4gnat en ruta \u00e5t lin &#8211; detta f\u00f6r att det i ladug\u00e5rden finns kvar tv\u00e5 linbr\u00e5kar som den f\u00f6rste husbonden p\u00e5 g\u00e5rden tillverkat 1861. <br \/>Vissa \u00e4gnar m\u00e5nga timmars arbete i tr\u00e4dg\u00e5rden och vi beh\u00f6ver vara m\u00e5nga som hj\u00e4lps \u00e5t att t ex bek\u00e4mpa kirsk\u00e5l och f\u00f6rst\u00e5s t\u00e4nka \u00f6ver tr\u00e4dg\u00e5rdens fortsatta utformning. V\u00e4lkommen!<\/p>\n<p><strong>V\u00e5r och h\u00f6st har vi arbetstr\u00e4ffar vid Vike p\u00e5 tisdagar med b\u00f6rjan klockan ett och med fika vid tre-tiden\/otendag. Du \u00e4r varmt v\u00e4lkommen att delta!<\/strong><\/p>\n<p>Runt tr\u00e4dg\u00e5rden g\u00e5r en standtun. Det en gammal gotl\u00e4ndsk och estl\u00e4ndsk kringbyggnad. F\u00f6rst byggs en vanlig bandtun som bildar underlag. \u00d6ver den reses korslagda trolar. Tunen ger skydd mot vind och sn\u00f6, liksom nu f\u00f6r tiden r\u00e5djur. Rabbisen har tyv\u00e4rr l\u00e4tt att ta sig igenom, och \u00e4lskar att gr\u00e4va i jord som \u00e4r nys\u00e5dd. Standtunen mellan tr\u00e4dg\u00e5rd och den gamla v\u00e4gen byttes ut v\u00e5ren 2024. Resten ber\u00e4knas bytas ut under 2026..<br \/><br \/><strong>H\u00f6g\u00e5rden\/\u00e4nget ligger intill g\u00e5rden och tr\u00e4dg\u00e5rden<\/strong>.<br \/>H\u00f6g\u00e5rden sk\u00f6ts p\u00e5 v\u00e5ren med fagning och i juli med sl\u00e5tter och tillvaratagande av h\u00f6et. D\u00e4refter betas den av lamm. Detta \u00e4nge var ett av elva som fanns med vid beskrivningen av g\u00e5rden till 1699-\u00e5rs skattekarta. H\u00f6g\u00e5rden finns kvar sedan dess &#8211; har allts\u00e5 funnits i minst 400 \u00e5r &#8211; och rymmer en variation av \u00f6rter. <em>En vandring genom H\u00f6g\u00e5rden med kunnig fr\u00e5n Gotlands \u00c4ngskommitt\u00e9 sker i \u00e5r l\u00f6rdagen 28\/6<\/em> med Turistf\u00f6reningen som arrang\u00f6r.<br \/>I den \u00f6vre delen finns en krikonlund och \u00e4ppeltr\u00e4d sedan Vike\u00e5n ombildades till kanal runt 1900. D\u00e5 slutade \u00e5n att varje v\u00e5r sv\u00e4mma \u00f6ver i \u00e4nget.<\/p>\n\n\n\n<figure class=\"wp-block-image size-large is-resized\"><a href=\"https:\/\/vike.nu\/wp-content\/uploads\/2023\/07\/Hoigarden.jpg\"><img loading=\"lazy\" decoding=\"async\" width=\"1024\" height=\"770\" src=\"https:\/\/vike.nu\/wp-content\/uploads\/2023\/07\/Hoigarden-1024x770.jpg\" alt=\"\" class=\"wp-image-593\" style=\"width:614px;height:auto\" srcset=\"https:\/\/vike.nu\/wp-content\/uploads\/2023\/07\/Hoigarden-1024x770.jpg 1024w, https:\/\/vike.nu\/wp-content\/uploads\/2023\/07\/Hoigarden-300x226.jpg 300w, https:\/\/vike.nu\/wp-content\/uploads\/2023\/07\/Hoigarden-768x577.jpg 768w, https:\/\/vike.nu\/wp-content\/uploads\/2023\/07\/Hoigarden.jpg 1390w\" sizes=\"auto, (max-width: 1024px) 100vw, 1024px\" \/><\/a><\/figure>\n\n\n\n<figure class=\"wp-block-image size-large\"><a href=\"https:\/\/vike.nu\/wp-content\/uploads\/2024\/09\/2-IMG_7856-3-scaled.jpg\"><img loading=\"lazy\" decoding=\"async\" width=\"1024\" height=\"768\" src=\"https:\/\/vike.nu\/wp-content\/uploads\/2024\/09\/2-IMG_7856-3-1024x768.jpg\" alt=\"\" class=\"wp-image-843\" srcset=\"https:\/\/vike.nu\/wp-content\/uploads\/2024\/09\/2-IMG_7856-3-1024x768.jpg 1024w, https:\/\/vike.nu\/wp-content\/uploads\/2024\/09\/2-IMG_7856-3-300x225.jpg 300w, https:\/\/vike.nu\/wp-content\/uploads\/2024\/09\/2-IMG_7856-3-768x576.jpg 768w, https:\/\/vike.nu\/wp-content\/uploads\/2024\/09\/2-IMG_7856-3-1536x1152.jpg 1536w, https:\/\/vike.nu\/wp-content\/uploads\/2024\/09\/2-IMG_7856-3-2048x1536.jpg 2048w, https:\/\/vike.nu\/wp-content\/uploads\/2024\/09\/2-IMG_7856-3-400x300.jpg 400w\" sizes=\"auto, (max-width: 1024px) 100vw, 1024px\" \/><\/a><\/figure>\n\n\n\n<figure class=\"wp-block-image size-large\"><a href=\"https:\/\/vike.nu\/wp-content\/uploads\/2024\/09\/Gunnar-Gardelin-P1070274-1.jpg\"><img loading=\"lazy\" decoding=\"async\" width=\"1024\" height=\"683\" src=\"https:\/\/vike.nu\/wp-content\/uploads\/2024\/09\/Gunnar-Gardelin-P1070274-1-1024x683.jpg\" alt=\"\" class=\"wp-image-844\" srcset=\"https:\/\/vike.nu\/wp-content\/uploads\/2024\/09\/Gunnar-Gardelin-P1070274-1-1024x683.jpg 1024w, https:\/\/vike.nu\/wp-content\/uploads\/2024\/09\/Gunnar-Gardelin-P1070274-1-300x200.jpg 300w, https:\/\/vike.nu\/wp-content\/uploads\/2024\/09\/Gunnar-Gardelin-P1070274-1-768x512.jpg 768w, https:\/\/vike.nu\/wp-content\/uploads\/2024\/09\/Gunnar-Gardelin-P1070274-1-1536x1024.jpg 1536w, https:\/\/vike.nu\/wp-content\/uploads\/2024\/09\/Gunnar-Gardelin-P1070274-1-450x300.jpg 450w, https:\/\/vike.nu\/wp-content\/uploads\/2024\/09\/Gunnar-Gardelin-P1070274-1.jpg 1555w\" sizes=\"auto, (max-width: 1024px) 100vw, 1024px\" \/><\/a><\/figure>\n\n\n\n<figure class=\"wp-block-image size-large\"><a href=\"https:\/\/vike.nu\/wp-content\/uploads\/2024\/09\/IMG_8097-scaled.jpg\"><img loading=\"lazy\" decoding=\"async\" width=\"1024\" height=\"768\" src=\"https:\/\/vike.nu\/wp-content\/uploads\/2024\/09\/IMG_8097-1024x768.jpg\" alt=\"\" class=\"wp-image-837\" srcset=\"https:\/\/vike.nu\/wp-content\/uploads\/2024\/09\/IMG_8097-1024x768.jpg 1024w, https:\/\/vike.nu\/wp-content\/uploads\/2024\/09\/IMG_8097-300x225.jpg 300w, https:\/\/vike.nu\/wp-content\/uploads\/2024\/09\/IMG_8097-768x576.jpg 768w, https:\/\/vike.nu\/wp-content\/uploads\/2024\/09\/IMG_8097-1536x1152.jpg 1536w, https:\/\/vike.nu\/wp-content\/uploads\/2024\/09\/IMG_8097-2048x1536.jpg 2048w, https:\/\/vike.nu\/wp-content\/uploads\/2024\/09\/IMG_8097-400x300.jpg 400w\" sizes=\"auto, (max-width: 1024px) 100vw, 1024px\" \/><\/a><\/figure>\n\n\n\n<p>Stigen genom H\u00f6g\u00e5rd och strandskog leder till strandboden. G\u00e5r du \u00f6ver st\u00e4ttan nere vid sj\u00f6n och forts\u00e4tter norrut kommer du till Vike fiskel\u00e4ge. D\u00e4r kan du ta den medeltida v\u00e4gen tillbaka till Vike minnesg\u00e5rd = sammanlagt cirka 1,3 km. <br \/><strong>OBS har du hund med dig m\u00e5ste den vara kopplad och de grindar du \u00f6ppnar ska du st\u00e4nga efter dig.<\/strong><br \/><strong>God tur!<\/strong><\/p>\n","protected":false},"excerpt":{"rendered":"<p>Tr\u00e4dg\u00e5rd med humlest\u00f6rar I slutet av 1820-talet \u00e4gde skiftet rum d\u00e5 det beslutades att en av Vike-parterna skulle flytta \u00f6ster om den gamla landsv\u00e4gen = det som nu \u00e4r Vike Minnesg\u00e5rd. Mang\u00e5rden stod nybyggd f\u00f6r inflyttning 1833. Ladug\u00e5rden med bular &hellip; <a href=\"https:\/\/vike.nu\/index.php\/tradgard-och-ange-2\/\">Forts\u00e4tt l\u00e4sa <span class=\"meta-nav\">&rarr;<\/span><\/a><\/p>\n","protected":false},"author":2,"featured_media":0,"parent":0,"menu_order":0,"comment_status":"closed","ping_status":"closed","template":"","meta":{"footnotes":""},"class_list":["post-591","page","type-page","status-publish","hentry"],"_links":{"self":[{"href":"https:\/\/vike.nu\/index.php\/wp-json\/wp\/v2\/pages\/591","targetHints":{"allow":["GET"]}}],"collection":[{"href":"https:\/\/vike.nu\/index.php\/wp-json\/wp\/v2\/pages"}],"about":[{"href":"https:\/\/vike.nu\/index.php\/wp-json\/wp\/v2\/types\/page"}],"author":[{"embeddable":true,"href":"https:\/\/vike.nu\/index.php\/wp-json\/wp\/v2\/users\/2"}],"replies":[{"embeddable":true,"href":"https:\/\/vike.nu\/index.php\/wp-json\/wp\/v2\/comments?post=591"}],"version-history":[{"count":15,"href":"https:\/\/vike.nu\/index.php\/wp-json\/wp\/v2\/pages\/591\/revisions"}],"predecessor-version":[{"id":954,"href":"https:\/\/vike.nu\/index.php\/wp-json\/wp\/v2\/pages\/591\/revisions\/954"}],"wp:attachment":[{"href":"https:\/\/vike.nu\/index.php\/wp-json\/wp\/v2\/media?parent=591"}],"curies":[{"name":"wp","href":"https:\/\/api.w.org\/{rel}","templated":true}]}}